{"id":86,"date":"2017-02-19T18:39:50","date_gmt":"2017-02-19T17:39:50","guid":{"rendered":"https:\/\/wptest.flores-arloff.de\/?page_id=86"},"modified":"2024-05-06T11:25:07","modified_gmt":"2024-05-06T09:25:07","slug":"willkommen","status":"publish","type":"page","link":"https:\/\/www.flores-arloff.de\/","title":{"rendered":"Willkommen"},"content":{"rendered":"<div class=\"wpb-content-wrapper\"><p>[vc_row][vc_column width=&#8220;1\/6&#8243;][\/vc_column][vc_column width=&#8220;2\/3&#8243;][vc_empty_space][qodef_message type=&#8220;normal&#8220; background_color=&#8220;#ffffff&#8220; border_color=&#8220;#869a1f&#8220; border_width=&#8220;2&#8243; close_icon_color=&#8220;#869a1f&#8220;]<\/p>\n<h2 class=\"p1\"><span style=\"color: #869a1f;\"><strong>Unsere \u00d6ffnungszeiten im Mai<\/strong><\/span><\/h2>\n<p><span style=\"color: #808080;\"><strong>Liebe Kunden,<\/strong><\/span><\/p>\n<p><span style=\"color: #808080;\"><strong>der Mai bringt einige Feiertage mit sich. Daher haben wir unsere \u00d6ffnungszeiten angepasst. Wir haben zus\u00e4tzlich ge\u00f6ffnet am:<br \/>\n<\/strong><\/span><span style=\"color: #808080;\"><strong><br \/>\nMittwoch, 8. Mai, 10 bis 18 Uhr<br \/>\nSamstag, 11. Mai, 10 bis 16 Uhr<br \/>\nSonntag, 12. Mai, 09 bis 12 Uhr (Muttertag \ud83d\udc90)<br \/>\nMittwoch, 29. Mai, 10 bis 18 Uhr<\/strong><\/span><\/p>\n<p><span style=\"color: #808080;\"><strong><br \/>\n<\/strong><strong>Ihr k\u00f6nnt uns immer gerne f\u00fcr Vorbestellungen und allgemeine Anfragen kontaktieren per:<\/strong><\/span><\/p>\n<p><span style=\"color: #808080;\"><strong>Instagram: www.instagram.com\/flores.arloff\/<\/strong><\/span><br \/>\n<span style=\"color: #808080;\"><strong>Mail: sandra@flores-arloff.de<\/strong><\/span><br \/>\n<span style=\"color: #808080;\"><strong>Telefon: 02255 9537574<\/strong><\/span><\/p>\n<p><span style=\"color: #808080;\"><strong>Wir freuen uns auf Euch. \ud83d\udc23<\/strong><\/span><\/p>\n<p><span style=\"color: #808080;\"><strong>Liebe Gr\u00fc\u00dfe<\/strong><\/span><\/p>\n<p><span style=\"color: #808080;\"><strong>Euer Flores-im-Campus -Team<\/strong><\/span>[\/qodef_message][vc_empty_space][\/vc_column][vc_column width=&#8220;1\/6&#8243;][\/vc_column][\/vc_row][vc_row content_aligment=&#8220;right&#8220; css=&#8220;.vc_custom_1487609694646{padding-top: 5px !important;padding-right: 5px !important;padding-left: 5px !important;}&#8220;][vc_column css_animation=&#8220;zoomIn&#8220;][qodef_portfolio_list type=&#8220;pinterest&#8220; title_tag=&#8220;h2&#8243; show_load_more=&#8220;yes&#8220; order_by=&#8220;date&#8220; order=&#8220;DESC&#8220; number=&#8220;9&#8243; grid_size=&#8220;three&#8220; filter=&#8220;yes&#8220; filter_order_by=&#8220;count&#8220; selected_projects=&#8220;&#8220; category=&#8220;willkommen&#8220;][vc_empty_space height=&#8220;64px&#8220;][\/vc_column][\/vc_row]<\/p>\n<\/div>","protected":false},"excerpt":{"rendered":"<p>[vc_row][vc_column width=&#8220;1\/6&#8243;][\/vc_column][vc_column width=&#8220;2\/3&#8243;][vc_empty_space][qodef_message type=&#8220;normal&#8220; background_color=&#8220;#ffffff&#8220; border_color=&#8220;#869a1f&#8220; border_width=&#8220;2&#8243; close_icon_color=&#8220;#869a1f&#8220;] Unsere \u00d6ffnungszeiten im Mai Liebe Kunden, der Mai bringt einige Feiertage mit sich. Daher haben wir unsere \u00d6ffnungszeiten angepasst. Wir haben zus\u00e4tzlich ge\u00f6ffnet am: Mittwoch, 8. Mai, 10 bis 18 Uhr Samstag, 11. Mai, 10 bis 16&#8230;<\/p>\n","protected":false},"author":8,"featured_media":0,"parent":0,"menu_order":0,"comment_status":"closed","ping_status":"closed","template":"full-width.php","meta":{"inline_featured_image":false,"footnotes":""},"class_list":["post-86","page","type-page","status-publish","hentry"],"_links":{"self":[{"href":"https:\/\/www.flores-arloff.de\/index.php?rest_route=\/wp\/v2\/pages\/86"}],"collection":[{"href":"https:\/\/www.flores-arloff.de\/index.php?rest_route=\/wp\/v2\/pages"}],"about":[{"href":"https:\/\/www.flores-arloff.de\/index.php?rest_route=\/wp\/v2\/types\/page"}],"author":[{"embeddable":true,"href":"https:\/\/www.flores-arloff.de\/index.php?rest_route=\/wp\/v2\/users\/8"}],"replies":[{"embeddable":true,"href":"https:\/\/www.flores-arloff.de\/index.php?rest_route=%2Fwp%2Fv2%2Fcomments&post=86"}],"version-history":[{"count":83,"href":"https:\/\/www.flores-arloff.de\/index.php?rest_route=\/wp\/v2\/pages\/86\/revisions"}],"predecessor-version":[{"id":3682,"href":"https:\/\/www.flores-arloff.de\/index.php?rest_route=\/wp\/v2\/pages\/86\/revisions\/3682"}],"wp:attachment":[{"href":"https:\/\/www.flores-arloff.de\/index.php?rest_route=%2Fwp%2Fv2%2Fmedia&parent=86"}],"curies":[{"name":"wp","href":"https:\/\/api.w.org\/{rel}","templated":true}]}}