{"id":663,"date":"2017-04-06T14:02:22","date_gmt":"2017-04-06T12:02:22","guid":{"rendered":"https:\/\/wptest.flores-arloff.de\/?page_id=663"},"modified":"2020-06-14T19:03:47","modified_gmt":"2020-06-14T17:03:47","slug":"impressum","status":"publish","type":"page","link":"https:\/\/www.flores-arloff.de\/?page_id=663","title":{"rendered":"Impressum"},"content":{"rendered":"<div class=\"wpb-content-wrapper\"><p>[vc_row][vc_column css_animation=&#8220;fadeInRight&#8220;][vc_column_text]<\/p>\n<p style=\"text-align: center;\">[qodef_icon icon_pack=&#8220;font_awesome&#8220; fa_icon=&#8220;fa-balance-scale&#8220; size=&#8220;qodef-icon-tiny&#8220; custom_size=&#8220;60&#8243; type=&#8220;normal&#8220; icon_animation=&#8220;&#8220; icon_color=&#8220;#869a1f&#8220;]<\/p>\n<p style=\"text-align: center;\">[vc_empty_space height=&#8220;10px&#8220;]<\/p>\n<p style=\"text-align: center;\">Unser Impressum gilt f\u00fcr die Seite www.flores-arloff.de sowie f\u00fcr die Flores-Seiten auf <a href=\"https:\/\/www.facebook.com\/flores.arloff\/\" target=\"_blank\" rel=\"noopener noreferrer\">Facebook<\/a> und <a href=\"https:\/\/www.instagram.com\/flores.arloff\/\" target=\"_blank\" rel=\"noopener noreferrer\">Instagram<\/a><\/p>\n<p style=\"text-align: center;\">Inhaltlich verantwortlich und Ansprechpartnerin f\u00fcr den Datenschutz:<\/p>\n<p style=\"text-align: center;\">Flores Sandra Jonas<br \/>\nInhaberin Sandra Larmann<br \/>\nBahnhofstra\u00dfe 33<br \/>\n53902 Bad M\u00fcnstereifel<\/p>\n<p style=\"text-align: center;\">Telefon: 02253\/930950<br \/>\nE-Mail: sandra(at)flores-arloff.de<\/p>\n<p style=\"text-align: center;\">Umsatzsteuer-ID: 209\/5079\/2287<\/p>\n<p>[\/vc_column_text][\/vc_column][\/vc_row][vc_row][vc_column][vc_empty_space height=&#8220;64px&#8220;][vc_text_separator title=&#8220;Haftungsausschluss \/ Datenschutz&#8220; color=&#8220;custom&#8220; accent_color=&#8220;#869a1f&#8220;][\/vc_column][\/vc_row][vc_row][vc_column][vc_empty_space][\/vc_column][\/vc_row][vc_row][vc_column][vc_column_text]<\/p>\n<h3 class=\"p1\">Haftung fu\u0308r Inhalte<\/h3>\n<p class=\"p3\">Als Diensteanbieter sind wir gem\u00e4\u00df \u00a7 7 Abs.1 TMG fu\u0308r eigene Inhalte auf diesen Seiten nach den allgemeinen Gesetzen verantwortlich. Nach \u00a7\u00a7 8 bis 10 TMG sind wir als Diensteanbieter jedoch nicht verpflichtet, u\u0308bermittelte oder gespeicherte fremde Informationen zu u\u0308berwachen oder nach Umst\u00e4nden zu forschen, die auf eine rechtswidrige T\u00e4tigkeit hinweisen.<\/p>\n<p class=\"p3\">Verpflichtungen zur Entfernung oder Sperrung der Nutzung von Informationen nach den allgemeinen Gesetzen bleiben hiervon unberu\u0308hrt. Eine diesbezu\u0308gliche Haftung ist jedoch erst ab dem Zeitpunkt der Kenntnis einer konkreten Rechtsverletzung m\u00f6glich. Bei Bekanntwerden von entsprechenden Rechtsverletzungen werden wir diese Inhalte umgehend entfernen.<\/p>\n<h3>Haftung fu\u0308r Links<\/h3>\n<p class=\"p3\">Unser Angebot enth\u00e4lt Links zu externen Webseiten Dritter, auf deren Inhalte wir keinen Einfluss haben. Deshalb k\u00f6nnen wir fu\u0308r diese fremden Inhalte auch keine Gew\u00e4hr u\u0308bernehmen. Fu\u0308r die Inhalte der verlinkten Seiten ist stets der jeweilige Anbieter oder Betreiber der Seiten verantwortlich. Die verlinkten Seiten wurden zum Zeitpunkt der Verlinkung auf m\u00f6gliche Rechtsverst\u00f6\u00dfe u\u0308berpru\u0308ft. Rechtswidrige Inhalte waren zum Zeitpunkt der Verlinkung nicht erkennbar.<\/p>\n<p class=\"p3\">Eine permanente inhaltliche Kontrolle der verlinkten Seiten ist jedoch ohne konkrete Anhaltspunkte einer Rechtsverletzung nicht zumutbar. Bei Bekanntwerden von Rechtsverletzungen werden wir derartige Links umgehend entfernen.<\/p>\n<h3 class=\"p2\">Urheberrecht<\/h3>\n<p class=\"p3\">Die durch die Seitenbetreiber erstellten Inhalte und Werke auf diesen Seiten unterliegen dem deutschen Urheberrecht. Die Vervielf\u00e4ltigung, Bearbeitung, Verbreitung und jede Art der Verwertung au\u00dferhalb der Grenzen des Urheberrechtes bedu\u0308rfen der schriftlichen Zustimmung des jeweiligen Autors bzw. Erstellers. Downloads und Kopien dieser Seite sind nur fu\u0308r den privaten, nicht kommerziellen Gebrauch gestattet. Soweit die Inhalte auf dieser Seite nicht vom Betreiber erstellt wurden, werden die Urheberrechte Dritter beachtet. Insbesondere werden Inhalte Dritter als solche gekennzeichnet. Sollten Sie trotzdem auf eine Urheberrechtsverletzung aufmerksam werden, bitten wir um einen entsprechenden Hinweis. Bei Bekanntwerden von Rechtsverletzungen werden wir derartige Inhalte umgehend entfernen.<\/p>\n<h3>Datenschutz<\/h3>\n<p>Die Angaben zum Datenschutz finden Sie in unserer <a href=\"https:\/\/www.flores-arloff.de\/index.php\/datenschutz\/\" target=\"_blank\" rel=\"noopener noreferrer\">Datenschutzerkl\u00e4rung.<\/a><\/p>\n<p>Wesentliche Quelle: <a href=\"https:\/\/www.e-recht24.de\/\" target=\"_blank\" rel=\"noopener noreferrer\">e-recht24.de<\/a>[\/vc_column_text][\/vc_column][\/vc_row]<\/p>\n<\/div>","protected":false},"excerpt":{"rendered":"<p>[vc_row][vc_column css_animation=&#8220;fadeInRight&#8220;][vc_column_text] [qodef_icon icon_pack=&#8220;font_awesome&#8220; fa_icon=&#8220;fa-balance-scale&#8220; size=&#8220;qodef-icon-tiny&#8220; custom_size=&#8220;60&#8243; type=&#8220;normal&#8220; icon_animation=&#8220;&#8220; icon_color=&#8220;#869a1f&#8220;] [vc_empty_space height=&#8220;10px&#8220;] Unser Impressum gilt f\u00fcr die Seite www.flores-arloff.de sowie f\u00fcr die Flores-Seiten auf Facebook und Instagram Inhaltlich verantwortlich und Ansprechpartnerin f\u00fcr den Datenschutz: Flores Sandra Jonas Inhaberin Sandra Larmann Bahnhofstra\u00dfe 33 53902 Bad M\u00fcnstereifel&#8230;<\/p>\n","protected":false},"author":2,"featured_media":0,"parent":0,"menu_order":0,"comment_status":"closed","ping_status":"closed","template":"","meta":{"inline_featured_image":false,"footnotes":""},"class_list":["post-663","page","type-page","status-publish","hentry"],"_links":{"self":[{"href":"https:\/\/www.flores-arloff.de\/index.php?rest_route=\/wp\/v2\/pages\/663"}],"collection":[{"href":"https:\/\/www.flores-arloff.de\/index.php?rest_route=\/wp\/v2\/pages"}],"about":[{"href":"https:\/\/www.flores-arloff.de\/index.php?rest_route=\/wp\/v2\/types\/page"}],"author":[{"embeddable":true,"href":"https:\/\/www.flores-arloff.de\/index.php?rest_route=\/wp\/v2\/users\/2"}],"replies":[{"embeddable":true,"href":"https:\/\/www.flores-arloff.de\/index.php?rest_route=%2Fwp%2Fv2%2Fcomments&post=663"}],"version-history":[{"count":1,"href":"https:\/\/www.flores-arloff.de\/index.php?rest_route=\/wp\/v2\/pages\/663\/revisions"}],"predecessor-version":[{"id":1901,"href":"https:\/\/www.flores-arloff.de\/index.php?rest_route=\/wp\/v2\/pages\/663\/revisions\/1901"}],"wp:attachment":[{"href":"https:\/\/www.flores-arloff.de\/index.php?rest_route=%2Fwp%2Fv2%2Fmedia&parent=663"}],"curies":[{"name":"wp","href":"https:\/\/api.w.org\/{rel}","templated":true}]}}