{"id":461,"date":"2017-03-12T10:51:55","date_gmt":"2017-03-12T09:51:55","guid":{"rendered":"https:\/\/wptest.flores-arloff.de\/?page_id=461"},"modified":"2024-04-02T11:26:23","modified_gmt":"2024-04-02T09:26:23","slug":"oeffnungszeiten","status":"publish","type":"page","link":"https:\/\/www.flores-arloff.de\/?page_id=461","title":{"rendered":"\u00d6ffnungszeiten"},"content":{"rendered":"<div class=\"wpb-content-wrapper\"><p>[vc_row][vc_column][vc_empty_space height=&#8220;64px&#8220;][\/vc_column][\/vc_row][vc_row][vc_column css_animation=&#8220;fadeInLeft&#8220; width=&#8220;1\/2&#8243;][vc_single_image image=&#8220;974&#8243; img_size=&#8220;medium&#8220; alignment=&#8220;center&#8220; style=&#8220;vc_box_shadow_border&#8220;][vc_empty_space][vc_column_text]<\/p>\n<h1 style=\"text-align: center;\">\u00d6ffnungszeiten<br \/>\nin Arloff<\/h1>\n<p style=\"text-align: center;\">Flores in Arloff ist ab sofort &#8222;der werkraum&#8220;. Das ist unsere Kreativwerkstatt f\u00fcr Hochzeiten, Kommunionen, Veranstaltungen jeder Art oder Trauerfeiern. Hier nehmen wir uns Zeit f\u00fcr Beratungen, veranstalten Workshops und arbeiten an Ihren Dekorationen.<\/p>\n<p style=\"text-align: center;\"><strong>Termine nur nach Vereinbarung<\/strong><\/p>\n<p>[\/vc_column_text][\/vc_column][vc_column css_animation=&#8220;fadeInRight&#8220; width=&#8220;1\/2&#8243;][vc_single_image image=&#8220;975&#8243; img_size=&#8220;medium&#8220; alignment=&#8220;center&#8220; style=&#8220;vc_box_shadow_border&#8220;][vc_empty_space][vc_column_text]<\/p>\n<h1 style=\"text-align: center;\">\u00d6ffnungszeiten<br \/>\nin Flamersheim<\/h1>\n<p style=\"text-align: center;\"><strong>Donnerstag &amp; Freitag<\/strong><\/p>\n<p style=\"text-align: center;\">10.00 bis 18.00 Uhr<\/p>\n<p style=\"text-align: center;\"><strong>Samstag<\/strong><\/p>\n<p style=\"text-align: center;\">10.00 bis 14.00 Uhr<\/p>\n<p style=\"text-align: center;\"><strong>Sonntag bis Mittwoch geschlossen<\/strong><\/p>\n<p>[\/vc_column_text][\/vc_column][\/vc_row][vc_row][vc_column][vc_empty_space height=&#8220;64px&#8220;][\/vc_column][\/vc_row]<\/p>\n<\/div>","protected":false},"excerpt":{"rendered":"<p>[vc_row][vc_column][vc_empty_space height=&#8220;64px&#8220;][\/vc_column][\/vc_row][vc_row][vc_column css_animation=&#8220;fadeInLeft&#8220; width=&#8220;1\/2&#8243;][vc_single_image image=&#8220;974&#8243; img_size=&#8220;medium&#8220; alignment=&#8220;center&#8220; style=&#8220;vc_box_shadow_border&#8220;][vc_empty_space][vc_column_text] \u00d6ffnungszeiten in Arloff Flores in Arloff ist ab sofort &#8222;der werkraum&#8220;. Das ist unsere Kreativwerkstatt f\u00fcr Hochzeiten, Kommunionen, Veranstaltungen jeder Art oder Trauerfeiern. Hier nehmen wir uns Zeit f\u00fcr Beratungen, veranstalten Workshops und arbeiten an Ihren Dekorationen&#8230;.<\/p>\n","protected":false},"author":8,"featured_media":0,"parent":0,"menu_order":0,"comment_status":"closed","ping_status":"closed","template":"","meta":{"inline_featured_image":false,"footnotes":""},"class_list":["post-461","page","type-page","status-publish","hentry"],"_links":{"self":[{"href":"https:\/\/www.flores-arloff.de\/index.php?rest_route=\/wp\/v2\/pages\/461"}],"collection":[{"href":"https:\/\/www.flores-arloff.de\/index.php?rest_route=\/wp\/v2\/pages"}],"about":[{"href":"https:\/\/www.flores-arloff.de\/index.php?rest_route=\/wp\/v2\/types\/page"}],"author":[{"embeddable":true,"href":"https:\/\/www.flores-arloff.de\/index.php?rest_route=\/wp\/v2\/users\/8"}],"replies":[{"embeddable":true,"href":"https:\/\/www.flores-arloff.de\/index.php?rest_route=%2Fwp%2Fv2%2Fcomments&post=461"}],"version-history":[{"count":6,"href":"https:\/\/www.flores-arloff.de\/index.php?rest_route=\/wp\/v2\/pages\/461\/revisions"}],"predecessor-version":[{"id":3674,"href":"https:\/\/www.flores-arloff.de\/index.php?rest_route=\/wp\/v2\/pages\/461\/revisions\/3674"}],"wp:attachment":[{"href":"https:\/\/www.flores-arloff.de\/index.php?rest_route=%2Fwp%2Fv2%2Fmedia&parent=461"}],"curies":[{"name":"wp","href":"https:\/\/api.w.org\/{rel}","templated":true}]}}